{"id":2808,"date":"2018-05-26T08:05:04","date_gmt":"2018-05-26T08:05:04","guid":{"rendered":"https:\/\/www.fromcroatiawithlove.net\/?page_id=2808"},"modified":"2018-05-26T08:05:04","modified_gmt":"2018-05-26T08:05:04","slug":"privacy-policy","status":"publish","type":"page","link":"https:\/\/www.fromcroatiawithlove.net\/hr\/privacy-policy\/","title":{"rendered":"PRIVACY &#038; POLICY"},"content":{"rendered":"<div class=\"edge-container edge-default-page-template\">\n<div class=\"edge-container-inner clearfix\">\n<div class=\"edge-grid-row\">\n<div class=\"edge-page-content-holder edge-grid-col-12\">\n<p><strong>PRIVACY &#038; POLICY<\/strong><\/p>\n<p>HIPPY GARDEN, HIPPY d.o.o. se obavezuje pru\u017eati za\u0161titu osobnim podacima kupaca, na na\u010din da prikuplja samo nu\u017ene, osnovne podatke o kupcima\/korisnicima koji su nu\u017eni za ispunjenje na\u0161ih obveza; informira kupce o na\u010dinu kori\u0161tenja prikupljenih podataka, redovito daje kupcima mogu\u0107nost izbora o upotrebi njihovih podataka, uklju\u010duju\u0107i mogu\u0107nost odluke \u017eele li ili ne da se njihovo ime ukloni s lista koje se koriste za marketin\u0161ke kampanje. Svi se podaci o korisnicima strogo \u010duvaju i dostupni su samo djelatnicima kojima su ti podaci nu\u017eni za obavljanje posla. Svi djelatnici HIPPY GARDEN, HIPPY d.o.o. i poslovni partneri odgovorni su za po\u0161tivanje na\u010dela za\u0161tite privatnosti.<br \/>\nHippy Garden odjel: <a href=\"mailto:customerservice@hippygarden.com\" target=\"_blank\" rel=\"noopener\">customerservice@hippygarden.com<\/a><\/p>\n<ul>\n<li><strong>Koje informacije sakupljamo?<\/strong><br \/>\nSakupljamo informacije koje nam ostavite u formi narud\u017ebe kako bi se ista mogla i ostvariti.<\/li>\n<li><strong>Za \u0161to koristimo informacije koje nam ostavite?<\/strong><br \/>\nInformacije koje ostavite koristimo kako bismo mogli napraviti narud\u017ebu te Vas kontaktirati radi daljnih koraka i zaklju\u010dno poslati kupljene artikle.<br \/>\nHippy Garden odjel: <a href=\"mailto:customerservice@hippygarden.com\" target=\"_blank\" rel=\"noopener\">customerservice@hippygarden.com<\/a><\/li>\n<li><strong>Koristimo li kola\u010di\u0107e (cookies)?<\/strong><br \/>\nDa, koristimo ih kako bismo zapamtili sadr\u017eaj Va\u0161e ko\u0161arice i omogu\u0107ili kreiranje narud\u017ebe.<\/li>\n<\/ul>\n<\/div>\n<\/div>\n<\/div>\n<\/div>\n","protected":false},"excerpt":{"rendered":"<p>PRIVACY &#038; POLICY HIPPY GARDEN, HIPPY d.o.o. se obavezuje pru\u017eati za\u0161titu osobnim podacima kupaca, na na\u010din da prikuplja samo nu\u017ene, osnovne podatke o kupcima\/korisnicima koji su nu\u017eni za ispunjenje na\u0161ih obveza; informira kupce o na\u010dinu kori\u0161tenja prikupljenih podataka, redovito daje kupcima mogu\u0107nost izbora o upotrebi njihovih podataka, uklju\u010duju\u0107i mogu\u0107nost odluke \u017eele li ili ne da &hellip; <\/p>\n<p class=\"link-more\"><a href=\"https:\/\/www.fromcroatiawithlove.net\/hr\/privacy-policy\/\" class=\"more-link\">Continue reading<span class=\"screen-reader-text\"> &#8220;PRIVACY &#038; POLICY&#8221;<\/span><\/a><\/p>\n","protected":false},"author":1,"featured_media":0,"parent":0,"menu_order":0,"comment_status":"closed","ping_status":"closed","template":"","meta":{"footnotes":""},"class_list":["post-2808","page","type-page","status-publish","hentry"],"_links":{"self":[{"href":"https:\/\/www.fromcroatiawithlove.net\/hr\/wp-json\/wp\/v2\/pages\/2808","targetHints":{"allow":["GET"]}}],"collection":[{"href":"https:\/\/www.fromcroatiawithlove.net\/hr\/wp-json\/wp\/v2\/pages"}],"about":[{"href":"https:\/\/www.fromcroatiawithlove.net\/hr\/wp-json\/wp\/v2\/types\/page"}],"author":[{"embeddable":true,"href":"https:\/\/www.fromcroatiawithlove.net\/hr\/wp-json\/wp\/v2\/users\/1"}],"replies":[{"embeddable":true,"href":"https:\/\/www.fromcroatiawithlove.net\/hr\/wp-json\/wp\/v2\/comments?post=2808"}],"version-history":[{"count":1,"href":"https:\/\/www.fromcroatiawithlove.net\/hr\/wp-json\/wp\/v2\/pages\/2808\/revisions"}],"predecessor-version":[{"id":2809,"href":"https:\/\/www.fromcroatiawithlove.net\/hr\/wp-json\/wp\/v2\/pages\/2808\/revisions\/2809"}],"wp:attachment":[{"href":"https:\/\/www.fromcroatiawithlove.net\/hr\/wp-json\/wp\/v2\/media?parent=2808"}],"curies":[{"name":"wp","href":"https:\/\/api.w.org\/{rel}","templated":true}]}}