{"id":742,"date":"2017-03-20T01:57:25","date_gmt":"2017-03-20T01:57:25","guid":{"rendered":"http:\/\/demo.themeftc.com\/woo_karo\/store\/\/?page_id=742"},"modified":"2018-01-16T12:10:47","modified_gmt":"2018-01-16T12:10:47","slug":"about-us","status":"publish","type":"page","link":"https:\/\/www.fromcroatiawithlove.net\/hr\/about-us\/","title":{"rendered":"O nama"},"content":{"rendered":"<div class=\"wpb-content-wrapper\"><p>[vc_row el_class=&#8221;heading-title&#8221; css=&#8221;.vc_custom_1501058308066{margin-top: -5px !important;margin-bottom: 40px !important;}&#8221;][vc_column el_class=&#8221;feature-v1&#8243;][vc_column_text css=&#8221;.vc_custom_1515423146148{margin-bottom: 0px !important;}&#8221;]<\/p>\n<h2>PRI\u010cA O BRANDU<\/h2>\n<div class=\"decorative-icon\">\n<p class=\"icon-left\">.<\/p>\n<p class=\"icon-center\">.<\/p>\n<p class=\"icon-right\">.<\/p>\n<\/div>\n<div class=\"decorative-icon\">\n<h3>Renomirani modni brend Hippy Garden predstavio je hrvatski dizajn koji je na suvremen na\u010din tradicionalni hrvatski suvenir licitarsko srce implementirao u modnu pri\u010du te mu dao dizajnerski potpis.<\/h3>\n<p class=\"icon-right\">\n<\/div>\n<p>[\/vc_column_text][\/vc_column][\/vc_row][vc_row css=&#8221;.vc_custom_1501058317119{margin-top: 15px !important;margin-bottom: 10px !important;}&#8221; el_class=&#8221;about-us&#8221;][vc_column width=&#8221;1\/2&#8243; el_class=&#8221;our-story&#8221;][vc_column_text css=&#8221;.vc_custom_1515423105769{margin-bottom: 0px !important;}&#8221;]Bri\u017eno \u010duvana tajna izrade i ukra\u0161avanja licitarskog srca stolje\u0107ima se prenosila s koljena na koljeno, a povijest ovog medenjaka se\u017ee ve\u0107 od 16. stolje\u0107a. Dok se zlatnim dobom licitara smatra 18. i 19. stolje\u0107e, danas ovaj poseban i prepoznatljiv hrvatski suvenir dobiva novu notu.<\/p>\n<p>Potaknuti time renomirani hrvatski modni brend Hippy Garden usmjerio je snage u direktnu promociju suvenira inspiriranog licitarskim srcem, nematerijalnim dobrom Republike Hrvatske prepoznatog od svjetske organizacije UNESCO.[\/vc_column_text][\/vc_column][vc_column width=&#8221;1\/2&#8243;]\t\t<div class=\"ftc-smooth-image smooth-image ftc-smooth\">\n\t\t\t\t\t\t\t<img loading=\"lazy\" decoding=\"async\" width=\"570\" height=\"233\" src=\"https:\/\/www.fromcroatiawithlove.net\/wp-content\/uploads\/2018\/01\/eeeeeeeeeeeeeeeeee.jpg\" class=\"img wp-post-image\" alt=\"\" srcset=\"https:\/\/www.fromcroatiawithlove.net\/wp-content\/uploads\/2018\/01\/eeeeeeeeeeeeeeeeee.jpg 570w, https:\/\/www.fromcroatiawithlove.net\/wp-content\/uploads\/2018\/01\/eeeeeeeeeeeeeeeeee-393x161.jpg 393w, https:\/\/www.fromcroatiawithlove.net\/wp-content\/uploads\/2018\/01\/eeeeeeeeeeeeeeeeee-300x123.jpg 300w\" sizes=\"auto, (max-width: 570px) 100vw, 570px\" \/> \n\t\t\t\t\t<\/div>\n\t\t[\/vc_column][\/vc_row][vc_row el_class=&#8221;heading-title&#8221; css=&#8221;.vc_custom_1500348258757{margin-top: 70px !important;margin-bottom: 40px !important;}&#8221;][vc_column el_class=&#8221;feature-v1&#8243;][vc_column_text css=&#8221;.vc_custom_1515423173952{margin-bottom: 0px !important;}&#8221;]<\/p>\n<h2>RIJE\u010c DIZAJNERA<\/h2>\n<div class=\"decorative-icon\">\n<p class=\"icon-left\">.<\/p>\n<p class=\"icon-center\">.<\/p>\n<p class=\"icon-right\">.<\/p>\n<\/div>\n<p>[\/vc_column_text][\/vc_column][\/vc_row][vc_row el_class=&#8221;about-us&#8221; css=&#8221;.vc_custom_1501058386761{margin-bottom: 0px !important;}&#8221;][vc_column offset=&#8221;vc_col-md-6&#8243;][vc_progress_bar values=&#8221;%5B%7B%22label%22%3A%22LJUBAV%22%2C%22value%22%3A%22100%22%2C%22color%22%3A%22bar_orange%22%7D%2C%7B%22label%22%3A%22KREATIVNOST%22%2C%22value%22%3A%2290%22%2C%22color%22%3A%22bar_orange%22%7D%2C%7B%22label%22%3A%22RAD%22%2C%22value%22%3A%2290%22%2C%22color%22%3A%22bar_orange%22%7D%2C%7B%22label%22%3A%22POZITIVNOST%22%2C%22value%22%3A%2290%22%2C%22color%22%3A%22bar_orange%22%7D%5D&#8221; options=&#8221;animated&#8221; css_animation=&#8221;fadeIn&#8221;][\/vc_column][vc_column offset=&#8221;vc_col-md-6&#8243; el_class=&#8221;our-story&#8221;][vc_column_text]<\/p>\n<h3><em>&#8221;Sve \u0161to radim \u2013 radim srcem tako da i kreaciju do\u017eivljavam kroz ljubav jer drugi na\u010din rada i stvaranja tj. \u017eivljenja i ne poznajem&#8230;&#8221;<\/em><\/h3>\n<p>&nbsp;<\/p>\n<p>Hippy Garden na \u010delu s dizajnericom i inovatoricom \u0110ur\u0111icom Vorkapi\u0107, 15 godina kontinuiranim kvalitetnim i pomno dizajnerski osmi\u0161ljenim radom ostvaruje izuzetne rezultate. Postao je nadasve prepoznatljiv i konkurentan dizajnerski tekstilni brend, modni lider u Hrvatskoj, a tako\u0111er i regiji.<\/p>\n<p>U svakom novom projektu Hippy Garden daje novu dimenziju modnog stvarala\u0161tva i iznova iznena\u0111uje svojim idejnim i vizualnim rije\u0161enjima. Hippy Garden kolekcije inspirirane su svijetom za sebe, kreativno\u0161\u0107u, smislom za lijepo, toplinom i energijom vlastitog stvarala\u0161tva, a izvedene visokovrijednim materijalima i tehni\u010dkim perfekcionizmom.[\/vc_column_text][\/vc_column][\/vc_row][vc_row el_class=&#8221;heading-title&#8221; css=&#8221;.vc_custom_1500348258757{margin-top: 70px !important;margin-bottom: 40px !important;}&#8221;][vc_column el_class=&#8221;feature-v1&#8243;][vc_column_text css=&#8221;.vc_custom_1516103831801{margin-bottom: 0px !important;}&#8221;]<\/p>\n<h2>NA\u0160E BOJE<\/h2>\n<div class=\"decorative-icon\">\n<p class=\"icon-left\">.<\/p>\n<p class=\"icon-center\">.<\/p>\n<p class=\"icon-right\">.<\/p>\n<\/div>\n<p>[\/vc_column_text][\/vc_column][\/vc_row][vc_row full_width=&#8221;stretch_row&#8221; css=&#8221;.vc_custom_1490080257527{margin-bottom: -20px !important;}&#8221;][vc_column width=&#8221;1\/4&#8243;][vc_column_text]<\/p>\n<div class=\"ftc-team-member style-1\">\n<div class=\"content-info\">\n<div class=\"image-thumbnail\">\n<figure><img loading=\"lazy\" decoding=\"async\" class=\"alignnone wp-image-2589 size-full\" src=\"https:\/\/www.fromcroatiawithlove.net\/wp-content\/uploads\/2018\/01\/WHITE-SHADOW.jpg\" alt=\"\" width=\"300\" height=\"300\" srcset=\"https:\/\/www.fromcroatiawithlove.net\/wp-content\/uploads\/2018\/01\/WHITE-SHADOW.jpg 300w, https:\/\/www.fromcroatiawithlove.net\/wp-content\/uploads\/2018\/01\/WHITE-SHADOW-270x270.jpg 270w, https:\/\/www.fromcroatiawithlove.net\/wp-content\/uploads\/2018\/01\/WHITE-SHADOW-100x100.jpg 100w, https:\/\/www.fromcroatiawithlove.net\/wp-content\/uploads\/2018\/01\/WHITE-SHADOW-150x150.jpg 150w\" sizes=\"auto, (max-width: 300px) 100vw, 300px\" \/><\/figure>\n<div class=\"socials\">\n<ul>\n<li><a class=\"facebook\" title=\"\" href=\"#\" target=\"_blank\" rel=\"noopener noreferrer\"><i class=\"fa fa-facebook\"><\/i><span class=\"ftc-tooltip social-tooltip\">Facebook<\/span><\/a><\/li>\n<\/ul>\n<\/div>\n<\/div>\n<header>\n<h3>WHITE SHADOW<\/h3>\n<p><span class=\"role\">\u00a0<\/span><\/p>\n<\/header>\n<\/div>\n<\/div>\n<p>[\/vc_column_text][\/vc_column][vc_column width=&#8221;1\/4&#8243;][vc_column_text]<\/p>\n<div class=\"ftc-team-member style-1\">\n<div class=\"content-info\">\n<div class=\"image-thumbnail\">\n<figure><img loading=\"lazy\" decoding=\"async\" class=\"alignnone wp-image-2587 size-full\" src=\"https:\/\/www.fromcroatiawithlove.net\/wp-content\/uploads\/2018\/01\/RED-SYMPHONY-2.jpg\" alt=\"\" width=\"300\" height=\"300\" srcset=\"https:\/\/www.fromcroatiawithlove.net\/wp-content\/uploads\/2018\/01\/RED-SYMPHONY-2.jpg 300w, https:\/\/www.fromcroatiawithlove.net\/wp-content\/uploads\/2018\/01\/RED-SYMPHONY-2-270x270.jpg 270w, https:\/\/www.fromcroatiawithlove.net\/wp-content\/uploads\/2018\/01\/RED-SYMPHONY-2-100x100.jpg 100w, https:\/\/www.fromcroatiawithlove.net\/wp-content\/uploads\/2018\/01\/RED-SYMPHONY-2-150x150.jpg 150w\" sizes=\"auto, (max-width: 300px) 100vw, 300px\" \/><\/figure>\n<div class=\"socials\">\n<ul>\n<li><a class=\"facebook\" title=\"\" href=\"https:\/\/www.facebook.com\/FromCroatiaWithLoveHippyGarden\/\" target=\"_blank\" rel=\"noopener noreferrer\"><i class=\"fa fa-facebook\"><\/i><span class=\"ftc-tooltip social-tooltip\">Facebook<\/span><\/a><\/li>\n<\/ul>\n<\/div>\n<\/div>\n<header>\n<h3>RED SYMPHONY<\/h3>\n<p><span class=\"role\">\u00a0<\/span><\/p>\n<\/header>\n<\/div>\n<\/div>\n<p>[\/vc_column_text][\/vc_column][vc_column width=&#8221;1\/4&#8243;][vc_column_text]<\/p>\n<div class=\"ftc-team-member style-1\">\n<div class=\"content-info\">\n<div class=\"image-thumbnail\">\n<figure><img loading=\"lazy\" decoding=\"async\" class=\"alignnone wp-image-2591 size-full\" src=\"https:\/\/www.fromcroatiawithlove.net\/wp-content\/uploads\/2018\/01\/PINK-ELEPHANT.jpg\" alt=\"\" width=\"300\" height=\"300\" srcset=\"https:\/\/www.fromcroatiawithlove.net\/wp-content\/uploads\/2018\/01\/PINK-ELEPHANT.jpg 300w, https:\/\/www.fromcroatiawithlove.net\/wp-content\/uploads\/2018\/01\/PINK-ELEPHANT-270x270.jpg 270w, https:\/\/www.fromcroatiawithlove.net\/wp-content\/uploads\/2018\/01\/PINK-ELEPHANT-100x100.jpg 100w, https:\/\/www.fromcroatiawithlove.net\/wp-content\/uploads\/2018\/01\/PINK-ELEPHANT-150x150.jpg 150w\" sizes=\"auto, (max-width: 300px) 100vw, 300px\" \/><\/figure>\n<div class=\"socials\">\n<ul>\n<li><a class=\"facebook\" title=\"\" href=\"#\" target=\"_blank\" rel=\"noopener noreferrer\"><i class=\"fa fa-facebook\"><\/i><span class=\"ftc-tooltip social-tooltip\">Facebook<\/span><\/a><\/li>\n<\/ul>\n<\/div>\n<\/div>\n<header>\n<h3>PINK ELEPHANT<\/h3>\n<p><span class=\"role\">\u00a0<\/span><\/p>\n<\/header>\n<\/div>\n<\/div>\n<p>[\/vc_column_text][\/vc_column][vc_column width=&#8221;1\/4&#8243;][vc_column_text]<\/p>\n<div class=\"ftc-team-member style-1\">\n<div class=\"content-info\">\n<div class=\"image-thumbnail\">\n<figure><img loading=\"lazy\" decoding=\"async\" class=\"alignnone wp-image-2593 size-full\" src=\"https:\/\/www.fromcroatiawithlove.net\/wp-content\/uploads\/2018\/01\/GREEN-BUTTERFLY.jpg\" alt=\"\" width=\"300\" height=\"300\" srcset=\"https:\/\/www.fromcroatiawithlove.net\/wp-content\/uploads\/2018\/01\/GREEN-BUTTERFLY.jpg 300w, https:\/\/www.fromcroatiawithlove.net\/wp-content\/uploads\/2018\/01\/GREEN-BUTTERFLY-270x270.jpg 270w, https:\/\/www.fromcroatiawithlove.net\/wp-content\/uploads\/2018\/01\/GREEN-BUTTERFLY-100x100.jpg 100w, https:\/\/www.fromcroatiawithlove.net\/wp-content\/uploads\/2018\/01\/GREEN-BUTTERFLY-150x150.jpg 150w\" sizes=\"auto, (max-width: 300px) 100vw, 300px\" \/><\/figure>\n<div class=\"socials\">\n<ul>\n<li><a class=\"facebook\" title=\"\" href=\"https:\/\/www.facebook.com\/FromCroatiaWithLoveHippyGarden\/\" target=\"_blank\" rel=\"noopener noreferrer\"><i class=\"fa fa-facebook\"><\/i><span class=\"ftc-tooltip social-tooltip\">Facebook<\/span><\/a><\/li>\n<\/ul>\n<\/div>\n<\/div>\n<header>\n<h3>GREEN ELEPHANT<\/h3>\n<p><span class=\"role\">\u00a0<\/span><\/p>\n<\/header>\n<\/div>\n<\/div>\n<p>[\/vc_column_text][\/vc_column][\/vc_row]<\/p>\n<\/div>","protected":false},"excerpt":{"rendered":"<p>[vc_row el_class=&#8221;heading-title&#8221; css=&#8221;.vc_custom_1501058308066{margin-top: -5px !important;margin-bottom: 40px !important;}&#8221;][vc_column el_class=&#8221;feature-v1&#8243;][vc_column_text css=&#8221;.vc_custom_1515423146148{margin-bottom: 0px !important;}&#8221;] PRI\u010cA O BRANDU . . . Renomirani modni brend Hippy Garden predstavio je hrvatski dizajn koji je na suvremen na\u010din tradicionalni hrvatski suvenir licitarsko srce implementirao u modnu pri\u010du te mu dao dizajnerski potpis. [\/vc_column_text][\/vc_column][\/vc_row][vc_row css=&#8221;.vc_custom_1501058317119{margin-top: 15px !important;margin-bottom: 10px !important;}&#8221; el_class=&#8221;about-us&#8221;][vc_column width=&#8221;1\/2&#8243; el_class=&#8221;our-story&#8221;][vc_column_text css=&#8221;.vc_custom_1515423105769{margin-bottom: &hellip; <\/p>\n<p class=\"link-more\"><a href=\"https:\/\/www.fromcroatiawithlove.net\/hr\/about-us\/\" class=\"more-link\">Continue reading<span class=\"screen-reader-text\"> &#8220;O nama&#8221;<\/span><\/a><\/p>\n","protected":false},"author":1,"featured_media":0,"parent":0,"menu_order":0,"comment_status":"closed","ping_status":"closed","template":"","meta":{"footnotes":""},"class_list":["post-742","page","type-page","status-publish","hentry"],"_links":{"self":[{"href":"https:\/\/www.fromcroatiawithlove.net\/hr\/wp-json\/wp\/v2\/pages\/742","targetHints":{"allow":["GET"]}}],"collection":[{"href":"https:\/\/www.fromcroatiawithlove.net\/hr\/wp-json\/wp\/v2\/pages"}],"about":[{"href":"https:\/\/www.fromcroatiawithlove.net\/hr\/wp-json\/wp\/v2\/types\/page"}],"author":[{"embeddable":true,"href":"https:\/\/www.fromcroatiawithlove.net\/hr\/wp-json\/wp\/v2\/users\/1"}],"replies":[{"embeddable":true,"href":"https:\/\/www.fromcroatiawithlove.net\/hr\/wp-json\/wp\/v2\/comments?post=742"}],"version-history":[{"count":23,"href":"https:\/\/www.fromcroatiawithlove.net\/hr\/wp-json\/wp\/v2\/pages\/742\/revisions"}],"predecessor-version":[{"id":2596,"href":"https:\/\/www.fromcroatiawithlove.net\/hr\/wp-json\/wp\/v2\/pages\/742\/revisions\/2596"}],"wp:attachment":[{"href":"https:\/\/www.fromcroatiawithlove.net\/hr\/wp-json\/wp\/v2\/media?parent=742"}],"curies":[{"name":"wp","href":"https:\/\/api.w.org\/{rel}","templated":true}]}}