{"id":1773,"date":"2017-07-16T09:40:44","date_gmt":"2017-07-16T09:40:44","guid":{"rendered":"http:\/\/demo.themeftc.com\/woo_karo\/store\/\/?post_type=product&#038;p=1773"},"modified":"2025-06-26T11:56:37","modified_gmt":"2025-06-26T11:56:37","slug":"milk-chocolate-60g-pepperorange","status":"publish","type":"product","link":"https:\/\/www.fromcroatiawithlove.net\/hr\/shop\/food\/milk-chocolate-60g-pepperorange\/","title":{"rendered":"Mlije\u010dna \u010dokolada &#8211; za\u010din papar i naran\u010da"},"content":{"rendered":"<p>Mlije\u010dna \u010dokolada 35% (Milk chocholate 35%)<\/p>\n<p>Sastav: \u0161e\u0107er, kakao maslac, punomasno mlijeko u prahu, kakao masa, emulgator E 322, sojini lecitini, aroma prirodna vanilija,za\u010din naran\u010da i papar.<\/p>\n<p>Mo\u017ee sadr\u017eavati tragove ljuski, vo\u0107a, p\u0161eni\u010dnih i mlije\u010dnih proizvoda.<\/p>\n<p>Alergeni: orasi, lje\u0161njaci i bademi.<\/p>\n<p>Dr\u017eati na suhom (reg.vlaga max.60%) i hladnom mjestu (+16 C do +20 C).<\/p>\n<p>Sadr\u017ei najmanje 35% kakaa.<\/p>\n","protected":false},"excerpt":{"rendered":"<p>Zavodljiva mo\u0107 bogatstva okusa i mirisa visoko kvalitetne \u010dokolade dolazi od vrhunskih sastojaka koji pobu\u0111uju ljubav i ma\u0161tu\u2026<\/p>\n<p>Probudite hedonista u sebi. U\u017eivajte uz na\u0161e proizvode!<\/p>\n<p>60 g<\/p>\n","protected":false},"featured_media":2780,"template":"","meta":[],"product_brand":[],"product_cat":[51],"product_tag":[72,75,73,74],"class_list":{"0":"post-1773","1":"product","2":"type-product","3":"status-publish","4":"has-post-thumbnail","6":"product_cat-food","7":"product_tag-best-offer","8":"product_tag-chocolate","9":"product_tag-croatian-souvenirs","10":"product_tag-design-for-love","12":"first","13":"instock","14":"shipping-taxable","15":"purchasable","16":"product-type-simple"},"_links":{"self":[{"href":"https:\/\/www.fromcroatiawithlove.net\/hr\/wp-json\/wp\/v2\/product\/1773","targetHints":{"allow":["GET"]}}],"collection":[{"href":"https:\/\/www.fromcroatiawithlove.net\/hr\/wp-json\/wp\/v2\/product"}],"about":[{"href":"https:\/\/www.fromcroatiawithlove.net\/hr\/wp-json\/wp\/v2\/types\/product"}],"wp:featuredmedia":[{"embeddable":true,"href":"https:\/\/www.fromcroatiawithlove.net\/hr\/wp-json\/wp\/v2\/media\/2780"}],"wp:attachment":[{"href":"https:\/\/www.fromcroatiawithlove.net\/hr\/wp-json\/wp\/v2\/media?parent=1773"}],"wp:term":[{"taxonomy":"product_brand","embeddable":true,"href":"https:\/\/www.fromcroatiawithlove.net\/hr\/wp-json\/wp\/v2\/product_brand?post=1773"},{"taxonomy":"product_cat","embeddable":true,"href":"https:\/\/www.fromcroatiawithlove.net\/hr\/wp-json\/wp\/v2\/product_cat?post=1773"},{"taxonomy":"product_tag","embeddable":true,"href":"https:\/\/www.fromcroatiawithlove.net\/hr\/wp-json\/wp\/v2\/product_tag?post=1773"}],"curies":[{"name":"wp","href":"https:\/\/api.w.org\/{rel}","templated":true}]}}