{"id":1903,"date":"2017-07-22T03:09:20","date_gmt":"2017-07-22T03:09:20","guid":{"rendered":"http:\/\/demo.themeftc.com\/woo_karo\/store\/\/?post_type=product&#038;p=1903"},"modified":"2025-06-26T11:56:11","modified_gmt":"2025-06-26T11:56:11","slug":"beach-towel-3","status":"publish","type":"product","link":"https:\/\/www.fromcroatiawithlove.net\/hr\/shop\/extras\/beach-towel-3\/","title":{"rendered":"Ru\u010dnik za pla\u017eu"},"content":{"rendered":"","protected":false},"excerpt":{"rendered":"<p>Brendirani mekani ru\u010dnik dimenzija 160\u00d780 cm. Sastavni dio je vrlo prakti\u010dan jastuk dimenzija 44x25cm (brendiran i vodootporan).<\/p>\n<p>Jastuk se mo\u017ee izvla\u010diti iz zatvara\u010dem za\u0161ti\u0107enog stra\u017enjeg dijela ru\u010dnika u kojem je i prostor za odlaganje vrijednih stvari.<\/p>\n","protected":false},"featured_media":2761,"template":"","meta":[],"product_brand":[],"product_cat":[52],"product_tag":[73],"class_list":{"0":"post-1903","1":"product","2":"type-product","3":"status-publish","4":"has-post-thumbnail","6":"product_cat-extras","7":"product_tag-croatian-souvenirs","9":"first","10":"instock","11":"shipping-taxable","12":"purchasable","13":"product-type-simple"},"_links":{"self":[{"href":"https:\/\/www.fromcroatiawithlove.net\/hr\/wp-json\/wp\/v2\/product\/1903","targetHints":{"allow":["GET"]}}],"collection":[{"href":"https:\/\/www.fromcroatiawithlove.net\/hr\/wp-json\/wp\/v2\/product"}],"about":[{"href":"https:\/\/www.fromcroatiawithlove.net\/hr\/wp-json\/wp\/v2\/types\/product"}],"wp:featuredmedia":[{"embeddable":true,"href":"https:\/\/www.fromcroatiawithlove.net\/hr\/wp-json\/wp\/v2\/media\/2761"}],"wp:attachment":[{"href":"https:\/\/www.fromcroatiawithlove.net\/hr\/wp-json\/wp\/v2\/media?parent=1903"}],"wp:term":[{"taxonomy":"product_brand","embeddable":true,"href":"https:\/\/www.fromcroatiawithlove.net\/hr\/wp-json\/wp\/v2\/product_brand?post=1903"},{"taxonomy":"product_cat","embeddable":true,"href":"https:\/\/www.fromcroatiawithlove.net\/hr\/wp-json\/wp\/v2\/product_cat?post=1903"},{"taxonomy":"product_tag","embeddable":true,"href":"https:\/\/www.fromcroatiawithlove.net\/hr\/wp-json\/wp\/v2\/product_tag?post=1903"}],"curies":[{"name":"wp","href":"https:\/\/api.w.org\/{rel}","templated":true}]}}