{"id":2303,"date":"2018-01-08T13:05:31","date_gmt":"2018-01-08T13:05:31","guid":{"rendered":"https:\/\/www.fromcroatiawithlove.net\/?post_type=product&#038;p=2303"},"modified":"2022-12-30T15:37:41","modified_gmt":"2022-12-30T15:37:41","slug":"tea-for-two-love","status":"publish","type":"product","link":"https:\/\/www.fromcroatiawithlove.net\/hr\/shop\/food\/tea-for-two-love\/","title":{"rendered":"\u010caj za dvoje &#8211; Love"},"content":{"rendered":"<p>Tea for two &#8211; Love<\/p>\n","protected":false},"excerpt":{"rendered":"<p>SASTOJCI: ribiz, hibiskus, bazga, gro\u017e\u0111e, kupina, aroma, granule maline<\/p>\n<p>PRIPREMA: \u010dajnu \u017eli\u010dicu preliti sa \u00a02dcl vru\u0107e vode (100\u2103), ostaviti poklopljeno 5-10 minuta, procijediti.<\/p>\n<p>NA\u010cIN \u010cUVANJA: \u010duvati na suhom i tamnom mjestu.<\/p>\n<p>&nbsp;<\/p>\n<p>STORING: keep in dry and dark place<\/p>\n","protected":false},"featured_media":2957,"template":"","meta":[],"product_brand":[],"product_cat":[51],"product_tag":[73],"class_list":{"0":"post-2303","1":"product","2":"type-product","3":"status-publish","4":"has-post-thumbnail","6":"product_cat-food","7":"product_tag-croatian-souvenirs","9":"first","10":"instock","11":"shipping-taxable","12":"purchasable","13":"product-type-simple"},"_links":{"self":[{"href":"https:\/\/www.fromcroatiawithlove.net\/hr\/wp-json\/wp\/v2\/product\/2303","targetHints":{"allow":["GET"]}}],"collection":[{"href":"https:\/\/www.fromcroatiawithlove.net\/hr\/wp-json\/wp\/v2\/product"}],"about":[{"href":"https:\/\/www.fromcroatiawithlove.net\/hr\/wp-json\/wp\/v2\/types\/product"}],"wp:featuredmedia":[{"embeddable":true,"href":"https:\/\/www.fromcroatiawithlove.net\/hr\/wp-json\/wp\/v2\/media\/2957"}],"wp:attachment":[{"href":"https:\/\/www.fromcroatiawithlove.net\/hr\/wp-json\/wp\/v2\/media?parent=2303"}],"wp:term":[{"taxonomy":"product_brand","embeddable":true,"href":"https:\/\/www.fromcroatiawithlove.net\/hr\/wp-json\/wp\/v2\/product_brand?post=2303"},{"taxonomy":"product_cat","embeddable":true,"href":"https:\/\/www.fromcroatiawithlove.net\/hr\/wp-json\/wp\/v2\/product_cat?post=2303"},{"taxonomy":"product_tag","embeddable":true,"href":"https:\/\/www.fromcroatiawithlove.net\/hr\/wp-json\/wp\/v2\/product_tag?post=2303"}],"curies":[{"name":"wp","href":"https:\/\/api.w.org\/{rel}","templated":true}]}}