{"id":2334,"date":"2018-01-08T14:09:34","date_gmt":"2018-01-08T14:09:34","guid":{"rendered":"https:\/\/www.fromcroatiawithlove.net\/?post_type=product&#038;p=2334"},"modified":"2025-10-14T09:25:59","modified_gmt":"2025-10-14T09:25:59","slug":"lip-balm-black-loves-pink","status":"publish","type":"product","link":"https:\/\/www.fromcroatiawithlove.net\/hr\/shop\/cosmetics\/lip-balm-black-loves-pink\/","title":{"rendered":"Balzam za njegu usana Black Loves Pink"},"content":{"rendered":"<p>* Dermatolo\u0161ki provjereno.<\/p>\n<p>* Zemlja podrijetla: Hrvatska<\/p>\n<p>&nbsp;<\/p>\n<p>SASTOJCI: Polyisobutene, Ricinus Communis Seed Oil, Cocoglycerides, Euphorbia Cerifera Cera, Caprylic \/Capric Triglyceride, Copernicia Cerifera Cera, Octyldodecanol, Cera Alba, Ethylhexyl Methoxycinnamate, Butyl Methoxydibenzoylmethane, Butyrospermum Parkii Butter, Parfum, Cetyl Alcohol, Polyglyceryl-2 Dipolyhydroxystearate, Prunus Armeniaca Kernel Oil, Tocopheryl Acetate, Retinyl Palmitate, Mica, Stearyl Heptanoate, Stearyl Caprylate, Bumetrizole, Hydrogenated Polydecene, Hydroxystearic Acid, CI 77891, CI 15850<\/p>\n<p>&nbsp;<\/p>\n","protected":false},"excerpt":{"rendered":"<p>Balzam za njegu (Black Loves Pink) daruje usnama nje\u017ean srebrnkasti sjaj i savr\u0161enu meko\u0107u.<\/p>\n<p>Usne su svakodnevno njegovane i blistave.<\/p>\n<p>Vitamini A i E daju idealan spoj antioksidativnog djelovanja, te intenzivne njege i za\u0161tite usana.<\/p>\n<p>&nbsp;<\/p>\n","protected":false},"featured_media":2770,"template":"","meta":[],"product_brand":[],"product_cat":[53],"product_tag":[73],"class_list":{"0":"post-2334","1":"product","2":"type-product","3":"status-publish","4":"has-post-thumbnail","6":"product_cat-cosmetics","7":"product_tag-croatian-souvenirs","9":"first","10":"instock","11":"shipping-taxable","12":"purchasable","13":"product-type-simple"},"_links":{"self":[{"href":"https:\/\/www.fromcroatiawithlove.net\/hr\/wp-json\/wp\/v2\/product\/2334","targetHints":{"allow":["GET"]}}],"collection":[{"href":"https:\/\/www.fromcroatiawithlove.net\/hr\/wp-json\/wp\/v2\/product"}],"about":[{"href":"https:\/\/www.fromcroatiawithlove.net\/hr\/wp-json\/wp\/v2\/types\/product"}],"wp:featuredmedia":[{"embeddable":true,"href":"https:\/\/www.fromcroatiawithlove.net\/hr\/wp-json\/wp\/v2\/media\/2770"}],"wp:attachment":[{"href":"https:\/\/www.fromcroatiawithlove.net\/hr\/wp-json\/wp\/v2\/media?parent=2334"}],"wp:term":[{"taxonomy":"product_brand","embeddable":true,"href":"https:\/\/www.fromcroatiawithlove.net\/hr\/wp-json\/wp\/v2\/product_brand?post=2334"},{"taxonomy":"product_cat","embeddable":true,"href":"https:\/\/www.fromcroatiawithlove.net\/hr\/wp-json\/wp\/v2\/product_cat?post=2334"},{"taxonomy":"product_tag","embeddable":true,"href":"https:\/\/www.fromcroatiawithlove.net\/hr\/wp-json\/wp\/v2\/product_tag?post=2334"}],"curies":[{"name":"wp","href":"https:\/\/api.w.org\/{rel}","templated":true}]}}