{"id":2453,"date":"2018-01-10T13:27:28","date_gmt":"2018-01-10T13:27:28","guid":{"rendered":"https:\/\/www.fromcroatiawithlove.net\/?post_type=product&#038;p=2453"},"modified":"2022-12-30T15:37:41","modified_gmt":"2022-12-30T15:37:41","slug":"umbrella","status":"publish","type":"product","link":"https:\/\/www.fromcroatiawithlove.net\/hr\/shop\/extras\/umbrella\/","title":{"rendered":"Ki\u0161obran"},"content":{"rendered":"<p>Must-have ki\u0161obran odlikuje se kvalitetom, a izra\u0111en je od poliuretanskog vlakna.<\/p>\n<p>&nbsp;<\/p>\n<p>Sastav:<\/p>\n<p>&#8211; poliuretansko vlakno<\/p>\n<p>&#8211; metalno ku\u010di\u0161te<\/p>\n<p>&#8211; plasti\u010dna ru\u010dka<\/p>\n<p>&#8211; idealan je za za\u0161titu od ki\u0161e a tako\u0111er i sun\u010devih zraka<\/p>\n","protected":false},"excerpt":{"rendered":"<p>Tra\u017eite ki\u0161obran koji \u0107e vam uljep\u0161ati ove tmurne, ki\u0161ne dane? Upravo ste ga prona\u0161li!<\/p>\n<p>Hrvatski modni brend HIPPY GARDEN dizajnirao je jedinstveni ki\u0161obran ukra\u0161en licitarskim srcima.<\/p>\n<p>Ovaj veseli modni ki\u0161obran sigurno \u0107e izmamiti osmijeh na va\u0161e lice, usprkos ki\u0161i koja se ne predaje.<\/p>\n","protected":false},"featured_media":2940,"template":"","meta":[],"product_brand":[],"product_cat":[52],"product_tag":[],"class_list":{"0":"post-2453","1":"product","2":"type-product","3":"status-publish","4":"has-post-thumbnail","6":"product_cat-extras","8":"first","9":"outofstock","10":"shipping-taxable","11":"purchasable","12":"product-type-simple"},"_links":{"self":[{"href":"https:\/\/www.fromcroatiawithlove.net\/hr\/wp-json\/wp\/v2\/product\/2453","targetHints":{"allow":["GET"]}}],"collection":[{"href":"https:\/\/www.fromcroatiawithlove.net\/hr\/wp-json\/wp\/v2\/product"}],"about":[{"href":"https:\/\/www.fromcroatiawithlove.net\/hr\/wp-json\/wp\/v2\/types\/product"}],"wp:featuredmedia":[{"embeddable":true,"href":"https:\/\/www.fromcroatiawithlove.net\/hr\/wp-json\/wp\/v2\/media\/2940"}],"wp:attachment":[{"href":"https:\/\/www.fromcroatiawithlove.net\/hr\/wp-json\/wp\/v2\/media?parent=2453"}],"wp:term":[{"taxonomy":"product_brand","embeddable":true,"href":"https:\/\/www.fromcroatiawithlove.net\/hr\/wp-json\/wp\/v2\/product_brand?post=2453"},{"taxonomy":"product_cat","embeddable":true,"href":"https:\/\/www.fromcroatiawithlove.net\/hr\/wp-json\/wp\/v2\/product_cat?post=2453"},{"taxonomy":"product_tag","embeddable":true,"href":"https:\/\/www.fromcroatiawithlove.net\/hr\/wp-json\/wp\/v2\/product_tag?post=2453"}],"curies":[{"name":"wp","href":"https:\/\/api.w.org\/{rel}","templated":true}]}}