{"id":2619,"date":"2018-01-16T14:32:09","date_gmt":"2018-01-16T14:32:09","guid":{"rendered":"https:\/\/www.fromcroatiawithlove.net\/?post_type=product&#038;p=2619"},"modified":"2025-06-26T11:53:59","modified_gmt":"2025-06-26T11:53:59","slug":"lip-balm","status":"publish","type":"product","link":"https:\/\/www.fromcroatiawithlove.net\/hr\/shop\/cosmetics\/lip-balm\/","title":{"rendered":"Balzam za usne"},"content":{"rendered":"<p>Sastav: Octyldodecanol, Ricinus Communis Seed Oil, Palmitic\/Stearic Triglyceride, Butyrospermum Parkii Butter, Ceteryl Alcohol, Carlyc\/Capric Triglyceride, Hydrogenated Olive Oil Stearyl Esters, Hydrogenated Castor Oil Behenyl Esters, Simmondisa Chinesis Seed Oil, Cocos Nucifera Oil, Bis-Diglyceryl Polyacyladipate-2, Persea Gratissima Oil, Polyglyceril-2 Sesquiolate, Tocopheryl Acetate, Aroma, Rubus Idaeus Seed Oil, Helianthus Annuus Seed Oil, Rosmarinus Officinalis Leaf Extract, Hydrolyzed Pearl, Ci 77891, Polyhydroxystearic Acid, Sericin, Ci 75470, Mica, Triethoxycaprylylsilane<\/p>\n","protected":false},"excerpt":{"rendered":"<p>&#8221;From Croatia With Love&#8221; balzam za usne \u010dini Va\u0161e usne sjajnima i bar\u0161unasto mekima, te istovremeno \u0161titi i njeguje usne.<\/p>\n<p>10 ml<\/p>\n","protected":false},"featured_media":2620,"template":"","meta":[],"product_brand":[],"product_cat":[53],"product_tag":[],"class_list":{"0":"post-2619","1":"product","2":"type-product","3":"status-publish","4":"has-post-thumbnail","6":"product_cat-cosmetics","8":"first","9":"outofstock","10":"shipping-taxable","11":"purchasable","12":"product-type-simple"},"_links":{"self":[{"href":"https:\/\/www.fromcroatiawithlove.net\/hr\/wp-json\/wp\/v2\/product\/2619","targetHints":{"allow":["GET"]}}],"collection":[{"href":"https:\/\/www.fromcroatiawithlove.net\/hr\/wp-json\/wp\/v2\/product"}],"about":[{"href":"https:\/\/www.fromcroatiawithlove.net\/hr\/wp-json\/wp\/v2\/types\/product"}],"wp:featuredmedia":[{"embeddable":true,"href":"https:\/\/www.fromcroatiawithlove.net\/hr\/wp-json\/wp\/v2\/media\/2620"}],"wp:attachment":[{"href":"https:\/\/www.fromcroatiawithlove.net\/hr\/wp-json\/wp\/v2\/media?parent=2619"}],"wp:term":[{"taxonomy":"product_brand","embeddable":true,"href":"https:\/\/www.fromcroatiawithlove.net\/hr\/wp-json\/wp\/v2\/product_brand?post=2619"},{"taxonomy":"product_cat","embeddable":true,"href":"https:\/\/www.fromcroatiawithlove.net\/hr\/wp-json\/wp\/v2\/product_cat?post=2619"},{"taxonomy":"product_tag","embeddable":true,"href":"https:\/\/www.fromcroatiawithlove.net\/hr\/wp-json\/wp\/v2\/product_tag?post=2619"}],"curies":[{"name":"wp","href":"https:\/\/api.w.org\/{rel}","templated":true}]}}