{"id":2622,"date":"2018-01-16T14:38:40","date_gmt":"2018-01-16T14:38:40","guid":{"rendered":"https:\/\/www.fromcroatiawithlove.net\/?post_type=product&#038;p=2622"},"modified":"2025-07-17T13:05:18","modified_gmt":"2025-07-17T13:05:18","slug":"hand-cream","status":"publish","type":"product","link":"https:\/\/www.fromcroatiawithlove.net\/hr\/shop\/cosmetics\/hand-cream\/","title":{"rendered":"Krema za ruke"},"content":{"rendered":"<p>Sastav: Aqua, Glycerin, Caprylic\/Capric Triglyceride, Prunus Amygdalus Dulcis (Almond)Oil, Simmondsia Chinensis (Jojoba) Seed Oil, Glyceryl Stearate, Cetearyl Alcohol (and) Sodium Cetearyl Sulfate, Argania Spinosa (Argan) Kernel Oil, Helianthus Annus (Sunflower) Seed Oil, Glycine Soja (Soybean) Oil, Vitis Vinifera (Grape) Seed Oil, Olea Europaea (Olive) Husk Oil, Tocopherol, Retinyl Palmitate, Ascorbyl Palmitate, Parfum, Sucrose Tetrastearate Triacetate, Sucrose Stearate, Phenoxyethanol (and)Ethylhexylglycerin, Xanthan Gum, Linalool, Limonene, Geraniol, Coumarin, Alpha-Isomethyl Ionone, Citral<\/p>\n","protected":false},"excerpt":{"rendered":"<p>&#8221;From Croatia With Love&#8221; \u0161titi Va\u0161u ko\u017eu te \u010dini ruke mekanima.<\/p>\n<p>50ml<\/p>\n<p>&nbsp;<\/p>\n","protected":false},"featured_media":2623,"template":"","meta":[],"product_brand":[],"product_cat":[53],"product_tag":[],"class_list":{"0":"post-2622","1":"product","2":"type-product","3":"status-publish","4":"has-post-thumbnail","6":"product_cat-cosmetics","8":"first","9":"outofstock","10":"shipping-taxable","11":"purchasable","12":"product-type-simple"},"_links":{"self":[{"href":"https:\/\/www.fromcroatiawithlove.net\/hr\/wp-json\/wp\/v2\/product\/2622","targetHints":{"allow":["GET"]}}],"collection":[{"href":"https:\/\/www.fromcroatiawithlove.net\/hr\/wp-json\/wp\/v2\/product"}],"about":[{"href":"https:\/\/www.fromcroatiawithlove.net\/hr\/wp-json\/wp\/v2\/types\/product"}],"wp:featuredmedia":[{"embeddable":true,"href":"https:\/\/www.fromcroatiawithlove.net\/hr\/wp-json\/wp\/v2\/media\/2623"}],"wp:attachment":[{"href":"https:\/\/www.fromcroatiawithlove.net\/hr\/wp-json\/wp\/v2\/media?parent=2622"}],"wp:term":[{"taxonomy":"product_brand","embeddable":true,"href":"https:\/\/www.fromcroatiawithlove.net\/hr\/wp-json\/wp\/v2\/product_brand?post=2622"},{"taxonomy":"product_cat","embeddable":true,"href":"https:\/\/www.fromcroatiawithlove.net\/hr\/wp-json\/wp\/v2\/product_cat?post=2622"},{"taxonomy":"product_tag","embeddable":true,"href":"https:\/\/www.fromcroatiawithlove.net\/hr\/wp-json\/wp\/v2\/product_tag?post=2622"}],"curies":[{"name":"wp","href":"https:\/\/api.w.org\/{rel}","templated":true}]}}