{"id":2624,"date":"2018-01-16T14:45:27","date_gmt":"2018-01-16T14:45:27","guid":{"rendered":"https:\/\/www.fromcroatiawithlove.net\/?post_type=product&#038;p=2624"},"modified":"2025-07-17T13:04:46","modified_gmt":"2025-07-17T13:04:46","slug":"body-balm","status":"publish","type":"product","link":"https:\/\/www.fromcroatiawithlove.net\/hr\/shop\/cosmetics\/body-balm\/","title":{"rendered":"Melem za tijelo"},"content":{"rendered":"<p>Sastav: Prunus Amygdalus Dulcis (Almond) oil, Calendula Officinalis (Marigold) Flower Oil, Petrolatum, Beeswax, Glycerin, Citrus Medica Limonum (Lemon) Peel Oil, Tocopherol, Butylated Hidroxytoluene, Helichrysum Italicum (Immortelle) Flower Oil<\/p>\n","protected":false},"excerpt":{"rendered":"<p>Razmazite svoj tijelo s &#8221;From Croatia With Love&#8221; melemom za tijelo koji \u0107e u\u010diniti Va\u0161u ko\u017eu mekom i hidratiziranom.<\/p>\n<p>50 ml<\/p>\n<p>&nbsp;<\/p>\n","protected":false},"featured_media":2625,"template":"","meta":[],"product_brand":[],"product_cat":[53],"product_tag":[],"class_list":{"0":"post-2624","1":"product","2":"type-product","3":"status-publish","4":"has-post-thumbnail","6":"product_cat-cosmetics","8":"first","9":"outofstock","10":"shipping-taxable","11":"purchasable","12":"product-type-simple"},"_links":{"self":[{"href":"https:\/\/www.fromcroatiawithlove.net\/hr\/wp-json\/wp\/v2\/product\/2624","targetHints":{"allow":["GET"]}}],"collection":[{"href":"https:\/\/www.fromcroatiawithlove.net\/hr\/wp-json\/wp\/v2\/product"}],"about":[{"href":"https:\/\/www.fromcroatiawithlove.net\/hr\/wp-json\/wp\/v2\/types\/product"}],"wp:featuredmedia":[{"embeddable":true,"href":"https:\/\/www.fromcroatiawithlove.net\/hr\/wp-json\/wp\/v2\/media\/2625"}],"wp:attachment":[{"href":"https:\/\/www.fromcroatiawithlove.net\/hr\/wp-json\/wp\/v2\/media?parent=2624"}],"wp:term":[{"taxonomy":"product_brand","embeddable":true,"href":"https:\/\/www.fromcroatiawithlove.net\/hr\/wp-json\/wp\/v2\/product_brand?post=2624"},{"taxonomy":"product_cat","embeddable":true,"href":"https:\/\/www.fromcroatiawithlove.net\/hr\/wp-json\/wp\/v2\/product_cat?post=2624"},{"taxonomy":"product_tag","embeddable":true,"href":"https:\/\/www.fromcroatiawithlove.net\/hr\/wp-json\/wp\/v2\/product_tag?post=2624"}],"curies":[{"name":"wp","href":"https:\/\/api.w.org\/{rel}","templated":true}]}}