{"id":2634,"date":"2018-01-17T11:06:43","date_gmt":"2018-01-17T11:06:43","guid":{"rendered":"https:\/\/www.fromcroatiawithlove.net\/?post_type=product&#038;p=2634"},"modified":"2025-06-26T11:51:57","modified_gmt":"2025-06-26T11:51:57","slug":"cookies","status":"publish","type":"product","link":"https:\/\/www.fromcroatiawithlove.net\/hr\/shop\/food\/cookies\/","title":{"rendered":"Keksi"},"content":{"rendered":"<p>Sastojci: p\u0161eni\u010dno bra\u0161no T-550, margarin (biljne masti i ulja 80%-palmina mast, palmin stearin, sojino ulje, kokosova mast, mast palmine ko\u0161tice, voda, kuhinjska sol 0,4%, emulgator-sojin lecitin, E471, konzervans E200, regulator kiselosti limunska kiselina, aroma, bojilo beta karoten), \u0161e\u0107er, kakaov preljev-5% (\u0161e\u0107er,hidrogenizirane biljne masti (palmina, kokosova), kakaov prah 16%, emulgator- sojin lecitin), jaja, punomasno mlijeko u prahu 26% m.m., tvar za rahljenje (E450, E500, kukuruzni \u0161krob), sol, arome.<\/p>\n<p>&nbsp;<\/p>\n<p>Mogu\u0107i su tragovi ora\u0161astih plodova.<\/p>\n<p>&nbsp;<\/p>\n<p>\u010cuvati na suhom i hladnom mjestu.<\/p>\n","protected":false},"excerpt":{"rendered":"<p>Kada nastupi \u017eelja za slatkim gricnite &#8221;From Croatia With Love&#8221; keksi\u0107e.<\/p>\n<p>Sve \u0161to Vam je potrebno za ispunjen dan je ljubav i nevjerovatno ukusni keksi\u0107i.<\/p>\n<p>Neto masa: 250 g<\/p>\n<p>&nbsp;<\/p>\n","protected":false},"featured_media":2635,"template":"","meta":[],"product_brand":[],"product_cat":[51],"product_tag":[],"class_list":{"0":"post-2634","1":"product","2":"type-product","3":"status-publish","4":"has-post-thumbnail","6":"product_cat-food","8":"first","9":"instock","10":"shipping-taxable","11":"purchasable","12":"product-type-simple"},"_links":{"self":[{"href":"https:\/\/www.fromcroatiawithlove.net\/hr\/wp-json\/wp\/v2\/product\/2634","targetHints":{"allow":["GET"]}}],"collection":[{"href":"https:\/\/www.fromcroatiawithlove.net\/hr\/wp-json\/wp\/v2\/product"}],"about":[{"href":"https:\/\/www.fromcroatiawithlove.net\/hr\/wp-json\/wp\/v2\/types\/product"}],"wp:featuredmedia":[{"embeddable":true,"href":"https:\/\/www.fromcroatiawithlove.net\/hr\/wp-json\/wp\/v2\/media\/2635"}],"wp:attachment":[{"href":"https:\/\/www.fromcroatiawithlove.net\/hr\/wp-json\/wp\/v2\/media?parent=2634"}],"wp:term":[{"taxonomy":"product_brand","embeddable":true,"href":"https:\/\/www.fromcroatiawithlove.net\/hr\/wp-json\/wp\/v2\/product_brand?post=2634"},{"taxonomy":"product_cat","embeddable":true,"href":"https:\/\/www.fromcroatiawithlove.net\/hr\/wp-json\/wp\/v2\/product_cat?post=2634"},{"taxonomy":"product_tag","embeddable":true,"href":"https:\/\/www.fromcroatiawithlove.net\/hr\/wp-json\/wp\/v2\/product_tag?post=2634"}],"curies":[{"name":"wp","href":"https:\/\/api.w.org\/{rel}","templated":true}]}}