{"id":2903,"date":"2019-01-03T11:45:37","date_gmt":"2019-01-03T11:45:37","guid":{"rendered":"https:\/\/www.fromcroatiawithlove.net\/?post_type=product&#038;p=2903"},"modified":"2025-06-26T11:44:15","modified_gmt":"2025-06-26T11:44:15","slug":"chocolate-dalmatian","status":"publish","type":"product","link":"https:\/\/www.fromcroatiawithlove.net\/hr\/shop\/food\/chocolate-dalmatian\/","title":{"rendered":"\u010cokolada &#8211; Dalmatiner"},"content":{"rendered":"<p><strong>Dalmatiner<\/strong> je vrlo stara pasmina pasa koja se lako prepoznaje po karakteristi\u010dnim crnim to\u010dkama. Njegovi korijeni se\u017eu u hrvatsku pokrajinu Dalmaciju. Vrlo je popularan ku\u0107ni ljubimac.<\/p>\n<p><strong>Mlije\u010dna \u010dokolada s listi\u0107ima bijele \u010dokolade (100g)<\/strong><br \/>\nSastojci: \u0161e\u0107er; kakao maslac; punomasno mlijeko u prahu; kakao masa; emulgator: soja lecitin; aroma prirodne vanilije. Mo\u017ee sadr\u017eavati tragove oraha, lje\u0161njaka i badema. Mlije\u010dna \u010dokolada sadr\u017ei min. 35,1% kakao dijelova. \u010cuvati na suhom i hladnom mjestu, bez mirisa. Temperatura skladi\u0161tenja: 12 &#8211; 20 \u00b0 C. <\/p>\n<p><strong>Prosje\u010dne hranjive vrijednosti u 100 g: <\/strong><br \/>\nEnergija: 2.356 kJ \/ 563 kcal; Masti: 36,2 g; od kojih zasi\u0107ene masne kiseline: 21,8 ; Ugljikohidrati: 50,9 g; od kojih \u0161e\u0107eri: 49,9 g; Vlakna: 2,1 g; Bjelan\u010devine: 7,0 g; Sol: 0,21 g<\/p>\n","protected":false},"excerpt":{"rendered":"<p>Mlije\u010dna \u010dokolada s listi\u0107ima bijele \u010dokolade (100g)<\/p>\n","protected":false},"featured_media":2904,"template":"","meta":[],"product_brand":[],"product_cat":[51],"product_tag":[],"class_list":{"0":"post-2903","1":"product","2":"type-product","3":"status-publish","4":"has-post-thumbnail","6":"product_cat-food","8":"first","9":"instock","10":"shipping-taxable","11":"purchasable","12":"product-type-simple"},"_links":{"self":[{"href":"https:\/\/www.fromcroatiawithlove.net\/hr\/wp-json\/wp\/v2\/product\/2903","targetHints":{"allow":["GET"]}}],"collection":[{"href":"https:\/\/www.fromcroatiawithlove.net\/hr\/wp-json\/wp\/v2\/product"}],"about":[{"href":"https:\/\/www.fromcroatiawithlove.net\/hr\/wp-json\/wp\/v2\/types\/product"}],"wp:featuredmedia":[{"embeddable":true,"href":"https:\/\/www.fromcroatiawithlove.net\/hr\/wp-json\/wp\/v2\/media\/2904"}],"wp:attachment":[{"href":"https:\/\/www.fromcroatiawithlove.net\/hr\/wp-json\/wp\/v2\/media?parent=2903"}],"wp:term":[{"taxonomy":"product_brand","embeddable":true,"href":"https:\/\/www.fromcroatiawithlove.net\/hr\/wp-json\/wp\/v2\/product_brand?post=2903"},{"taxonomy":"product_cat","embeddable":true,"href":"https:\/\/www.fromcroatiawithlove.net\/hr\/wp-json\/wp\/v2\/product_cat?post=2903"},{"taxonomy":"product_tag","embeddable":true,"href":"https:\/\/www.fromcroatiawithlove.net\/hr\/wp-json\/wp\/v2\/product_tag?post=2903"}],"curies":[{"name":"wp","href":"https:\/\/api.w.org\/{rel}","templated":true}]}}