{"id":2971,"date":"2020-03-16T14:24:34","date_gmt":"2020-03-16T14:24:34","guid":{"rendered":"https:\/\/www.fromcroatiawithlove.net\/hr\/?post_type=product&#038;p=2971"},"modified":"2025-11-17T12:37:05","modified_gmt":"2025-11-17T12:37:05","slug":"cokolada-ruby-95g","status":"publish","type":"product","link":"https:\/\/www.fromcroatiawithlove.net\/hr\/shop\/food\/cokolada-ruby-95g\/","title":{"rendered":"\u010cokolada Ruby &#8211; 95g"},"content":{"rendered":"<p>\u010cokolada Ruby (95g) sa min. 48,8% kakao djelova.<\/p>\n<p>Sastav: \u0161e\u0107er, kakao maslac, obrano mlijeko u prahu, punomasno mlijeko u prahu, kakao masa, emulgator: soja lecitin, kiselina: limunska kiselina, aroma prirodne vanilinije.<br \/>\nMo\u017ee sadr\u017eavati tragove oraha, lje\u0161njaka i badema.<br \/>\nDr\u017eati na suhom (reg.vlaga max.60%) i hladnom mjestu (+12 C do +20 C)<\/p>\n","protected":false},"excerpt":{"rendered":"<p>Zavodljiva mo\u0107 bogatstva okusa i mirisa visoko kvalitetne \u010dokolade dolazi od vrhunskih sastojaka koji pobu\u0111uju ljubav i ma\u0161tu\u2026<\/p>\n<p>Probudite hedonista u sebi.<\/p>\n<p>U\u017eivajte uz na\u0161e proizvode!<\/p>\n<p>Neto koli\u010dina 95g.<\/p>\n<p>&nbsp;<\/p>\n<p>&nbsp;<\/p>\n","protected":false},"featured_media":2975,"template":"","meta":[],"product_brand":[],"product_cat":[51],"product_tag":[73],"class_list":{"0":"post-2971","1":"product","2":"type-product","3":"status-publish","4":"has-post-thumbnail","6":"product_cat-food","7":"product_tag-croatian-souvenirs","9":"first","10":"outofstock","11":"shipping-taxable","12":"purchasable","13":"product-type-simple"},"_links":{"self":[{"href":"https:\/\/www.fromcroatiawithlove.net\/hr\/wp-json\/wp\/v2\/product\/2971","targetHints":{"allow":["GET"]}}],"collection":[{"href":"https:\/\/www.fromcroatiawithlove.net\/hr\/wp-json\/wp\/v2\/product"}],"about":[{"href":"https:\/\/www.fromcroatiawithlove.net\/hr\/wp-json\/wp\/v2\/types\/product"}],"wp:featuredmedia":[{"embeddable":true,"href":"https:\/\/www.fromcroatiawithlove.net\/hr\/wp-json\/wp\/v2\/media\/2975"}],"wp:attachment":[{"href":"https:\/\/www.fromcroatiawithlove.net\/hr\/wp-json\/wp\/v2\/media?parent=2971"}],"wp:term":[{"taxonomy":"product_brand","embeddable":true,"href":"https:\/\/www.fromcroatiawithlove.net\/hr\/wp-json\/wp\/v2\/product_brand?post=2971"},{"taxonomy":"product_cat","embeddable":true,"href":"https:\/\/www.fromcroatiawithlove.net\/hr\/wp-json\/wp\/v2\/product_cat?post=2971"},{"taxonomy":"product_tag","embeddable":true,"href":"https:\/\/www.fromcroatiawithlove.net\/hr\/wp-json\/wp\/v2\/product_tag?post=2971"}],"curies":[{"name":"wp","href":"https:\/\/api.w.org\/{rel}","templated":true}]}}