{"id":3070,"date":"2021-07-21T11:05:34","date_gmt":"2021-07-21T11:05:34","guid":{"rendered":"https:\/\/www.fromcroatiawithlove.net\/hr\/?post_type=product&#038;p=3070"},"modified":"2025-06-26T11:46:17","modified_gmt":"2025-06-26T11:46:17","slug":"mlijecna-cokolada-black-60g","status":"publish","type":"product","link":"https:\/\/www.fromcroatiawithlove.net\/hr\/shop\/food\/mlijecna-cokolada-black-60g\/","title":{"rendered":"Mlije\u010dna \u010dokolada &#8211; Black (60g)"},"content":{"rendered":"<p>Mlije\u010dna \u010dokolada 35% (Milk chocholate 35%)<\/p>\n<p>Sastav: \u0161e\u0107er, kakao maslac, punomasno mlijeko u prahu, kakao masa, emulgator E 322, sojini lecitini, aroma prirodna vanilija.<\/p>\n<p>Mo\u017ee sadr\u017eavati tragove ljuski, vo\u0107a, p\u0161eni\u010dnih i mlije\u010dnih proizvoda.<\/p>\n<p>Alergeni: orasi, lje\u0161njaci i bademi. (Allergens: walnuts, hazelnuts and almonds)<\/p>\n<p>Dr\u017eati na suhom (reg.vlaga max.60%) i hladnom mjestu (+16 C do +20 C).<\/p>\n<p>Sadr\u017ei najmanje 35% kakaa.<\/p>\n<p>Neto koli\u010dina 60g.<\/p>\n","protected":false},"excerpt":{"rendered":"<p>Zavodljiva mo\u0107 bogatstva okusa i mirisa visoko kvalitetne \u010dokolade dolazi od vrhunskih sastojaka koji pobu\u0111uju ljubav i ma\u0161tu\u2026<\/p>\n<p>Probudite hedonista u sebi.<\/p>\n<p>U\u017eivajte uz na\u0161e proizvode!<\/p>\n<p>&nbsp;<\/p>\n","protected":false},"featured_media":3073,"template":"","meta":[],"product_brand":[],"product_cat":[51],"product_tag":[75,73,79],"class_list":{"0":"post-3070","1":"product","2":"type-product","3":"status-publish","4":"has-post-thumbnail","6":"product_cat-food","7":"product_tag-chocolate","8":"product_tag-croatian-souvenirs","9":"product_tag-souvenir","11":"first","12":"instock","13":"shipping-taxable","14":"purchasable","15":"product-type-simple"},"_links":{"self":[{"href":"https:\/\/www.fromcroatiawithlove.net\/hr\/wp-json\/wp\/v2\/product\/3070","targetHints":{"allow":["GET"]}}],"collection":[{"href":"https:\/\/www.fromcroatiawithlove.net\/hr\/wp-json\/wp\/v2\/product"}],"about":[{"href":"https:\/\/www.fromcroatiawithlove.net\/hr\/wp-json\/wp\/v2\/types\/product"}],"wp:featuredmedia":[{"embeddable":true,"href":"https:\/\/www.fromcroatiawithlove.net\/hr\/wp-json\/wp\/v2\/media\/3073"}],"wp:attachment":[{"href":"https:\/\/www.fromcroatiawithlove.net\/hr\/wp-json\/wp\/v2\/media?parent=3070"}],"wp:term":[{"taxonomy":"product_brand","embeddable":true,"href":"https:\/\/www.fromcroatiawithlove.net\/hr\/wp-json\/wp\/v2\/product_brand?post=3070"},{"taxonomy":"product_cat","embeddable":true,"href":"https:\/\/www.fromcroatiawithlove.net\/hr\/wp-json\/wp\/v2\/product_cat?post=3070"},{"taxonomy":"product_tag","embeddable":true,"href":"https:\/\/www.fromcroatiawithlove.net\/hr\/wp-json\/wp\/v2\/product_tag?post=3070"}],"curies":[{"name":"wp","href":"https:\/\/api.w.org\/{rel}","templated":true}]}}