{"id":3108,"date":"2021-11-09T11:09:30","date_gmt":"2021-11-09T11:09:30","guid":{"rendered":"https:\/\/www.fromcroatiawithlove.net\/?post_type=product&#038;p=3108"},"modified":"2022-12-30T15:37:46","modified_gmt":"2022-12-30T15:37:46","slug":"hygienic-bag-for-face-mask-pink","status":"publish","type":"product","link":"https:\/\/www.fromcroatiawithlove.net\/hr\/shop\/accessories\/hygienic-bag-for-face-mask-pink\/","title":{"rendered":"HIGIJENSKA TORBICA ZA MASKU ZA LICE \u2013 PINK"},"content":{"rendered":"<p>Higijenska vre\u0107ica za masku za lice; proizvedena je 100% u Hrvatskoj od medicinskog materijala, a namijenjena je za higijensko spremanje maski za lice.<br \/>\nZa\u0161ti\u0107ena je u Dr\u017eavnom zavodu za intelektualno vlasni\u0161tvo.<\/p>\n<p>* certificirana medicinska tkanina<br \/>\n* vodootporna i antibakterijska tkanina proizvedena u Hrvatskoj, a koristi se u zdravstvenim ustanovama (operacijskim salama i bolnicama). Ovaj ispitani materijal zadovoljava visoke higijenske i zdravstvene standarde.<br \/>\n* prakti\u010dan i jednostavan na\u010din no\u0161enja maski u za\u0161titnim higijenskim vre\u0107icama u ruci, u torbi itd.<br \/>\n* torbice za vi\u0161ekratnu upotrebu<br \/>\n* sigurnosni zatvara\u010d<br \/>\n* 100% hrvatski proizvod<\/p>\n","protected":false},"excerpt":{"rendered":"<p><span class=\"VIiyi\" lang=\"hr\"><span class=\"JLqJ4b ChMk0b\" data-language-for-alternatives=\"hr\" data-language-to-translate-into=\"en\" data-phrase-index=\"0\" data-number-of-phrases=\"1\">Novi inovativni hrvatski proizvod iz kreativne radionice HIPPY GARDEN-a &#8211; higijenska torbica za masku za lice, fantasti\u010dan modni dodatak koji vam treba i bez kojeg ne mo\u017eete.<\/span><\/span><\/p>\n","protected":false},"featured_media":3118,"template":"","meta":[],"product_brand":[],"product_cat":[48],"product_tag":[],"class_list":{"0":"post-3108","1":"product","2":"type-product","3":"status-publish","4":"has-post-thumbnail","6":"product_cat-accessories","8":"first","9":"instock","10":"shipping-taxable","11":"purchasable","12":"product-type-simple"},"_links":{"self":[{"href":"https:\/\/www.fromcroatiawithlove.net\/hr\/wp-json\/wp\/v2\/product\/3108","targetHints":{"allow":["GET"]}}],"collection":[{"href":"https:\/\/www.fromcroatiawithlove.net\/hr\/wp-json\/wp\/v2\/product"}],"about":[{"href":"https:\/\/www.fromcroatiawithlove.net\/hr\/wp-json\/wp\/v2\/types\/product"}],"wp:featuredmedia":[{"embeddable":true,"href":"https:\/\/www.fromcroatiawithlove.net\/hr\/wp-json\/wp\/v2\/media\/3118"}],"wp:attachment":[{"href":"https:\/\/www.fromcroatiawithlove.net\/hr\/wp-json\/wp\/v2\/media?parent=3108"}],"wp:term":[{"taxonomy":"product_brand","embeddable":true,"href":"https:\/\/www.fromcroatiawithlove.net\/hr\/wp-json\/wp\/v2\/product_brand?post=3108"},{"taxonomy":"product_cat","embeddable":true,"href":"https:\/\/www.fromcroatiawithlove.net\/hr\/wp-json\/wp\/v2\/product_cat?post=3108"},{"taxonomy":"product_tag","embeddable":true,"href":"https:\/\/www.fromcroatiawithlove.net\/hr\/wp-json\/wp\/v2\/product_tag?post=3108"}],"curies":[{"name":"wp","href":"https:\/\/api.w.org\/{rel}","templated":true}]}}