{"id":3177,"date":"2022-12-14T11:04:26","date_gmt":"2022-12-14T11:04:26","guid":{"rendered":"https:\/\/www.fromcroatiawithlove.net\/?post_type=product&#038;p=3177"},"modified":"2025-06-27T09:07:23","modified_gmt":"2025-06-27T09:07:23","slug":"red-shirt-inspired-by-croatian-coat-of-arms","status":"publish","type":"product","link":"https:\/\/www.fromcroatiawithlove.net\/hr\/shop\/clothes\/red-shirt-inspired-by-croatian-coat-of-arms\/","title":{"rendered":"Crvena majica"},"content":{"rendered":"<p>Specifikacije: \u2013 \u017eenska majica \u2013 kratki rukav \u2013 185 g \u2013 100% \u010de\u0161ljani pamuk \u2013 elasti\u010dni ovratnik \u2013 okrugli ovratnik \u2013 poja\u010dana traka preko ramena \u2013 tvorni\u010dki tretirana \u2013 moderno skra\u0107eni rukavi \u2013 SASTAV: 100% pamuk<\/p>\n<p>&nbsp;<\/p>\n<p>\u2013 185 grama<\/p>\n<p>\u2013 100% \u010de\u0161ljani pamuk<\/p>\n<p>\u2013 Elasti\u010dni okrugli ovratnik<\/p>\n","protected":false},"excerpt":{"rendered":"<p>Pripremili smo Vam visokokvalitetne majice za svakodnevno no\u0161enje, sport i rekreaciju.<\/p>\n<p>Majice su izra\u0111ene od visokokvalitetnih materijala, lako perive i udobne, te poja\u010dane na ovratniku za maksimalnu izdr\u017eljivost.<\/p>\n<p>Napomena: budu\u0107i da se zbog ru\u010dnog ukra\u0161avanja radi o unikatima, ukrasi su na svakoj majici razli\u010diti.<\/p>\n","protected":false},"featured_media":3181,"template":"","meta":[],"product_brand":[],"product_cat":[49],"product_tag":[73],"class_list":{"0":"post-3177","1":"product","2":"type-product","3":"status-publish","4":"has-post-thumbnail","6":"product_cat-clothes","7":"product_tag-croatian-souvenirs","9":"first","10":"instock","11":"shipping-taxable","12":"purchasable","13":"product-type-simple"},"_links":{"self":[{"href":"https:\/\/www.fromcroatiawithlove.net\/hr\/wp-json\/wp\/v2\/product\/3177","targetHints":{"allow":["GET"]}}],"collection":[{"href":"https:\/\/www.fromcroatiawithlove.net\/hr\/wp-json\/wp\/v2\/product"}],"about":[{"href":"https:\/\/www.fromcroatiawithlove.net\/hr\/wp-json\/wp\/v2\/types\/product"}],"wp:featuredmedia":[{"embeddable":true,"href":"https:\/\/www.fromcroatiawithlove.net\/hr\/wp-json\/wp\/v2\/media\/3181"}],"wp:attachment":[{"href":"https:\/\/www.fromcroatiawithlove.net\/hr\/wp-json\/wp\/v2\/media?parent=3177"}],"wp:term":[{"taxonomy":"product_brand","embeddable":true,"href":"https:\/\/www.fromcroatiawithlove.net\/hr\/wp-json\/wp\/v2\/product_brand?post=3177"},{"taxonomy":"product_cat","embeddable":true,"href":"https:\/\/www.fromcroatiawithlove.net\/hr\/wp-json\/wp\/v2\/product_cat?post=3177"},{"taxonomy":"product_tag","embeddable":true,"href":"https:\/\/www.fromcroatiawithlove.net\/hr\/wp-json\/wp\/v2\/product_tag?post=3177"}],"curies":[{"name":"wp","href":"https:\/\/api.w.org\/{rel}","templated":true}]}}