{"id":3232,"date":"2023-02-27T15:35:59","date_gmt":"2023-02-27T15:35:59","guid":{"rendered":"https:\/\/www.fromcroatiawithlove.net\/hr\/?post_type=product&#038;p=3232"},"modified":"2025-01-08T13:57:10","modified_gmt":"2025-01-08T13:57:10","slug":"kapa-s-siltom","status":"publish","type":"product","link":"https:\/\/www.fromcroatiawithlove.net\/hr\/shop\/accessories\/kapa-s-siltom\/","title":{"rendered":"Kapa sa \u0161titnikom i ukrasnim brendiranim natpisom. Prilagodba straga."},"content":{"rendered":"<p>Sastav: Sastav: 57% poliester, 43% pamuk<\/p>\n<p>Brigom o svojoj odje\u0107i brinete za okoli\u0161<br \/>\nJednostavnim radnjama kao \u0161to su \u010di\u0161\u0107enje suhom pamu\u010dnom krpom ili mekom \u010detkom, ovisno o karakteristikama proizvoda, mo\u017ee nam pomo\u0107i u njihovu odr\u017eavanju. Kad god je mogu\u0107e, nastojite upotrebljavati proizvode koji ne \u0161tete okoli\u0161u.<br \/>\n\u2022\t Prati ru\u010dno na maks. 30 \u00baC\/86 \u00baF<br \/>\n\u2022\t Ne upotrebljavati klor \/ izbjeljiva\u010d<br \/>\n\u2022\t Nije prikladno za kemijsko \u010di\u0161\u0107enje<br \/>\n\u2022\t Ne upotrebljavati su\u0161ilicu<br \/>\nPODRIJETLO<br \/>\nEU Hrvatska<\/p>\n","protected":false},"excerpt":{"rendered":"<p>Kapa s \u0161iltom u stilu baseball iz kolekcije &#8221;From Croatia With Love&#8221; . Model izra\u0111en od tkanine s aplikacijom.<\/p>\n","protected":false},"featured_media":3233,"template":"","meta":[],"product_brand":[],"product_cat":[48,49],"product_tag":[72,73,74],"class_list":{"0":"post-3232","1":"product","2":"type-product","3":"status-publish","4":"has-post-thumbnail","6":"product_cat-accessories","7":"product_cat-clothes","8":"product_tag-best-offer","9":"product_tag-croatian-souvenirs","10":"product_tag-design-for-love","12":"first","13":"instock","14":"shipping-taxable","15":"purchasable","16":"product-type-simple"},"_links":{"self":[{"href":"https:\/\/www.fromcroatiawithlove.net\/hr\/wp-json\/wp\/v2\/product\/3232","targetHints":{"allow":["GET"]}}],"collection":[{"href":"https:\/\/www.fromcroatiawithlove.net\/hr\/wp-json\/wp\/v2\/product"}],"about":[{"href":"https:\/\/www.fromcroatiawithlove.net\/hr\/wp-json\/wp\/v2\/types\/product"}],"wp:featuredmedia":[{"embeddable":true,"href":"https:\/\/www.fromcroatiawithlove.net\/hr\/wp-json\/wp\/v2\/media\/3233"}],"wp:attachment":[{"href":"https:\/\/www.fromcroatiawithlove.net\/hr\/wp-json\/wp\/v2\/media?parent=3232"}],"wp:term":[{"taxonomy":"product_brand","embeddable":true,"href":"https:\/\/www.fromcroatiawithlove.net\/hr\/wp-json\/wp\/v2\/product_brand?post=3232"},{"taxonomy":"product_cat","embeddable":true,"href":"https:\/\/www.fromcroatiawithlove.net\/hr\/wp-json\/wp\/v2\/product_cat?post=3232"},{"taxonomy":"product_tag","embeddable":true,"href":"https:\/\/www.fromcroatiawithlove.net\/hr\/wp-json\/wp\/v2\/product_tag?post=3232"}],"curies":[{"name":"wp","href":"https:\/\/api.w.org\/{rel}","templated":true}]}}