{"id":346,"date":"2015-12-29T01:53:17","date_gmt":"2015-12-29T01:53:17","guid":{"rendered":"http:\/\/demo.fieldthemes.com\/wordpress\/?post_type=product&#038;p=56"},"modified":"2022-12-30T15:37:41","modified_gmt":"2022-12-30T15:37:41","slug":"white-bag-holder","status":"publish","type":"product","link":"https:\/\/www.fromcroatiawithlove.net\/hr\/shop\/extras\/white-bag-holder\/","title":{"rendered":"Dr\u017ea\u010d za torbe &#8211; Bijeli"},"content":{"rendered":"","protected":false},"excerpt":{"rendered":"<p>Dr\u017ea\u010d za torbe \u201cFrom Croatia with Love\u201d u bijeloj varijanti.<\/p>\n","protected":false},"featured_media":2800,"template":"","meta":[],"product_brand":[],"product_cat":[52],"product_tag":[73],"class_list":{"0":"post-346","1":"product","2":"type-product","3":"status-publish","4":"has-post-thumbnail","6":"product_cat-extras","7":"product_tag-croatian-souvenirs","9":"first","10":"instock","11":"shipping-taxable","12":"purchasable","13":"product-type-simple"},"_links":{"self":[{"href":"https:\/\/www.fromcroatiawithlove.net\/hr\/wp-json\/wp\/v2\/product\/346","targetHints":{"allow":["GET"]}}],"collection":[{"href":"https:\/\/www.fromcroatiawithlove.net\/hr\/wp-json\/wp\/v2\/product"}],"about":[{"href":"https:\/\/www.fromcroatiawithlove.net\/hr\/wp-json\/wp\/v2\/types\/product"}],"wp:featuredmedia":[{"embeddable":true,"href":"https:\/\/www.fromcroatiawithlove.net\/hr\/wp-json\/wp\/v2\/media\/2800"}],"wp:attachment":[{"href":"https:\/\/www.fromcroatiawithlove.net\/hr\/wp-json\/wp\/v2\/media?parent=346"}],"wp:term":[{"taxonomy":"product_brand","embeddable":true,"href":"https:\/\/www.fromcroatiawithlove.net\/hr\/wp-json\/wp\/v2\/product_brand?post=346"},{"taxonomy":"product_cat","embeddable":true,"href":"https:\/\/www.fromcroatiawithlove.net\/hr\/wp-json\/wp\/v2\/product_cat?post=346"},{"taxonomy":"product_tag","embeddable":true,"href":"https:\/\/www.fromcroatiawithlove.net\/hr\/wp-json\/wp\/v2\/product_tag?post=346"}],"curies":[{"name":"wp","href":"https:\/\/api.w.org\/{rel}","templated":true}]}}