{"id":348,"date":"2015-12-29T02:13:43","date_gmt":"2015-12-29T02:13:43","guid":{"rendered":"http:\/\/demo.fieldthemes.com\/wordpress\/product\/printed-summer-dress-simple\/"},"modified":"2026-01-21T08:34:50","modified_gmt":"2026-01-21T08:34:50","slug":"espadrilles-white","status":"publish","type":"product","link":"https:\/\/www.fromcroatiawithlove.net\/hr\/shop\/obuca\/espadrilles-white\/","title":{"rendered":"Espadrille"},"content":{"rendered":"<p>Skladi\u0161tenje: pakiranje u plasti\u010dnoj ambala\u017ei.<\/p>\n<p>Svaki proizvod ima u\u0161ivnu vanjsku deklaraciju \u2013 skidanjem ili o\u0161te\u0107enjem iste deklaracije artikl se smatra kori\u0161tenim te tako ne podlije\u017ee pravilima povrata.<\/p>\n<p>Preporu\u010deno je kemijsko odr\u017eavanje<\/p>\n<p>NE koristiti izbjeljiva\u010de, NE su\u0161iti u su\u0161ilici.<\/p>\n","protected":false},"excerpt":{"rendered":"<p>Hrvatski proizvod + Hrvatski dizajn = najljep\u0161i nosivi hrvatski suvenir.<\/p>\n<p>Napravljene od pamu\u010dnog vlakna i s d\u017eonom od gume, proizvedene su u tvornici Borovo u Vukovaru.<\/p>\n<p>Upakirane u recikla\u017enu custom made kutiju, otisnutoj ekolo\u0161ki prihvatljivim bojama i omotanom svilenom ma\u0161nom.<\/p>\n<p>Vrlo su lagane, udobne i moderne.<\/p>\n<p>&nbsp;<\/p>\n","protected":false},"featured_media":2767,"template":"","meta":[],"product_brand":[],"product_cat":[50],"product_tag":[73,41],"class_list":{"0":"post-348","1":"product","2":"type-product","3":"status-publish","4":"has-post-thumbnail","6":"product_cat-obuca","7":"product_tag-croatian-souvenirs","8":"product_tag-perfect","10":"first","11":"instock","12":"shipping-taxable","13":"purchasable","14":"product-type-variable","15":"has-default-attributes","16":"rtwpvs-product"},"_links":{"self":[{"href":"https:\/\/www.fromcroatiawithlove.net\/hr\/wp-json\/wp\/v2\/product\/348","targetHints":{"allow":["GET"]}}],"collection":[{"href":"https:\/\/www.fromcroatiawithlove.net\/hr\/wp-json\/wp\/v2\/product"}],"about":[{"href":"https:\/\/www.fromcroatiawithlove.net\/hr\/wp-json\/wp\/v2\/types\/product"}],"wp:featuredmedia":[{"embeddable":true,"href":"https:\/\/www.fromcroatiawithlove.net\/hr\/wp-json\/wp\/v2\/media\/2767"}],"wp:attachment":[{"href":"https:\/\/www.fromcroatiawithlove.net\/hr\/wp-json\/wp\/v2\/media?parent=348"}],"wp:term":[{"taxonomy":"product_brand","embeddable":true,"href":"https:\/\/www.fromcroatiawithlove.net\/hr\/wp-json\/wp\/v2\/product_brand?post=348"},{"taxonomy":"product_cat","embeddable":true,"href":"https:\/\/www.fromcroatiawithlove.net\/hr\/wp-json\/wp\/v2\/product_cat?post=348"},{"taxonomy":"product_tag","embeddable":true,"href":"https:\/\/www.fromcroatiawithlove.net\/hr\/wp-json\/wp\/v2\/product_tag?post=348"}],"curies":[{"name":"wp","href":"https:\/\/api.w.org\/{rel}","templated":true}]}}