{"id":547,"date":"2016-01-29T03:03:38","date_gmt":"2016-01-29T03:03:38","guid":{"rendered":"http:\/\/localhost\/wp\/wordpress-vela\/product\/sem-qwase-eiusmod-default-2\/"},"modified":"2025-06-26T11:57:54","modified_gmt":"2025-06-26T11:57:54","slug":"milk-chocolate-95g","status":"publish","type":"product","link":"https:\/\/www.fromcroatiawithlove.net\/hr\/shop\/food\/milk-chocolate-95g\/","title":{"rendered":"Mlije\u010dna \u010dokolada (95g)"},"content":{"rendered":"<p>Mlije\u010dna \u010dokolada 35% (Milk chocholate 35%)<\/p>\n<p>Sastav: \u0161e\u0107er, kakao maslac, punomasno mlijeko u prahu, kakao masa, emulgator E 322, sojini lecitini,aroma prirodna vanilija.<\/p>\n<p>Mo\u017ee sadr\u017eavati tragove ljuski, vo\u0107a, p\u0161eni\u010dnih i mlije\u010dnih proizvoda.<\/p>\n<p>Alergeni: orasi, lje\u0161njaci i bademi.<\/p>\n<p>Dr\u017eati na suhom (reg.vlaga max.60%) i hladnom mjestu (+16 C do +20 C).<\/p>\n<p>Sadr\u017ei najmanje 35% kakaa.<\/p>\n<p>Neto koli\u010dina 95g.<\/p>\n","protected":false},"excerpt":{"rendered":"<p>Zavodljiva mo\u0107 bogatstva okusa i mirisa visoko kvalitetne \u010dokolade dolazi od vrhunskih sastojaka koji pobu\u0111uju ljubav i ma\u0161tu\u2026<\/p>\n<p>Probudite hedonista u sebi.<\/p>\n<p>U\u017eivajte uz na\u0161e proizvode!<\/p>\n<p>&nbsp;<\/p>\n","protected":false},"featured_media":2788,"template":"","meta":[],"product_brand":[],"product_cat":[51],"product_tag":[75,73],"class_list":{"0":"post-547","1":"product","2":"type-product","3":"status-publish","4":"has-post-thumbnail","6":"product_cat-food","7":"product_tag-chocolate","8":"product_tag-croatian-souvenirs","10":"first","11":"instock","12":"shipping-taxable","13":"purchasable","14":"product-type-simple"},"_links":{"self":[{"href":"https:\/\/www.fromcroatiawithlove.net\/hr\/wp-json\/wp\/v2\/product\/547","targetHints":{"allow":["GET"]}}],"collection":[{"href":"https:\/\/www.fromcroatiawithlove.net\/hr\/wp-json\/wp\/v2\/product"}],"about":[{"href":"https:\/\/www.fromcroatiawithlove.net\/hr\/wp-json\/wp\/v2\/types\/product"}],"wp:featuredmedia":[{"embeddable":true,"href":"https:\/\/www.fromcroatiawithlove.net\/hr\/wp-json\/wp\/v2\/media\/2788"}],"wp:attachment":[{"href":"https:\/\/www.fromcroatiawithlove.net\/hr\/wp-json\/wp\/v2\/media?parent=547"}],"wp:term":[{"taxonomy":"product_brand","embeddable":true,"href":"https:\/\/www.fromcroatiawithlove.net\/hr\/wp-json\/wp\/v2\/product_brand?post=547"},{"taxonomy":"product_cat","embeddable":true,"href":"https:\/\/www.fromcroatiawithlove.net\/hr\/wp-json\/wp\/v2\/product_cat?post=547"},{"taxonomy":"product_tag","embeddable":true,"href":"https:\/\/www.fromcroatiawithlove.net\/hr\/wp-json\/wp\/v2\/product_tag?post=547"}],"curies":[{"name":"wp","href":"https:\/\/api.w.org\/{rel}","templated":true}]}}