{"id":553,"date":"2016-01-29T03:14:30","date_gmt":"2016-01-29T03:14:30","guid":{"rendered":"http:\/\/localhost\/wp\/wordpress-vela\/product\/vitae-lectus-default-2\/"},"modified":"2025-06-26T11:57:34","modified_gmt":"2025-06-26T11:57:34","slug":"lip-balm-lip-shine-bright","status":"publish","type":"product","link":"https:\/\/www.fromcroatiawithlove.net\/hr\/shop\/cosmetics\/lip-balm-lip-shine-bright\/","title":{"rendered":"Balzam za njegu usana Shine Bright"},"content":{"rendered":"<p>*Dermatolo\u0161ki provjereno.<\/p>\n<p>*Zemlja podrijetla: Hrvatska<\/p>\n<p>&nbsp;<\/p>\n<p>SASTOJCI: Polyisobutene, Ricinus Communis Seed Oil, Cocoglycerides, Euphorbia Cerifera Cera, Caprylic \/Capric Triglyceride, Copernicia Cerifera Cera, Octyldodecanol, Cera Alba, Ethylhexyl Methoxycinnamate, Butyl Methoxydibenzoylmethane, Butyrospermum Parkii Butter, Parfum, Cetyl Alcohol, Polyglyceryl-2 Dipolyhydroxystearate, Prunus Armeniaca Kernel Oil, Tocopheryl Acetate, Retinyl Palmitate, Mica, Stearyl Heptanoate, Stearyl Caprylate, Bumetrizole, Hydrogenated Polydecene, Hydroxystearic Acid, CI 77891, CI 15850<\/p>\n<p>&nbsp;<\/p>\n","protected":false},"excerpt":{"rendered":"<p>Balzam za njegu usana Shine Bright daruje usnama nje\u017ean srebrnkasti sjaj i savr\u0161enu meko\u0107u.<\/p>\n<p>Usne su svakodnevno njegovane i blistave.<\/p>\n<p>Vitamini A i E daju idealan spoj antioksidativnog djelovanja, te intenzivne njege i za\u0161tite usana.<\/p>\n<p>&nbsp;<\/p>\n","protected":false},"featured_media":2772,"template":"","meta":[],"product_brand":[],"product_cat":[53],"product_tag":[73],"class_list":{"0":"post-553","1":"product","2":"type-product","3":"status-publish","4":"has-post-thumbnail","6":"product_cat-cosmetics","7":"product_tag-croatian-souvenirs","9":"first","10":"instock","11":"shipping-taxable","12":"purchasable","13":"product-type-simple"},"_links":{"self":[{"href":"https:\/\/www.fromcroatiawithlove.net\/hr\/wp-json\/wp\/v2\/product\/553","targetHints":{"allow":["GET"]}}],"collection":[{"href":"https:\/\/www.fromcroatiawithlove.net\/hr\/wp-json\/wp\/v2\/product"}],"about":[{"href":"https:\/\/www.fromcroatiawithlove.net\/hr\/wp-json\/wp\/v2\/types\/product"}],"wp:featuredmedia":[{"embeddable":true,"href":"https:\/\/www.fromcroatiawithlove.net\/hr\/wp-json\/wp\/v2\/media\/2772"}],"wp:attachment":[{"href":"https:\/\/www.fromcroatiawithlove.net\/hr\/wp-json\/wp\/v2\/media?parent=553"}],"wp:term":[{"taxonomy":"product_brand","embeddable":true,"href":"https:\/\/www.fromcroatiawithlove.net\/hr\/wp-json\/wp\/v2\/product_brand?post=553"},{"taxonomy":"product_cat","embeddable":true,"href":"https:\/\/www.fromcroatiawithlove.net\/hr\/wp-json\/wp\/v2\/product_cat?post=553"},{"taxonomy":"product_tag","embeddable":true,"href":"https:\/\/www.fromcroatiawithlove.net\/hr\/wp-json\/wp\/v2\/product_tag?post=553"}],"curies":[{"name":"wp","href":"https:\/\/api.w.org\/{rel}","templated":true}]}}