{"id":557,"date":"2016-01-29T03:26:50","date_gmt":"2016-01-29T03:26:50","guid":{"rendered":"http:\/\/localhost\/wp\/wordpress-vela\/product\/printed-summer-dress-simple-2\/"},"modified":"2025-06-26T11:56:58","modified_gmt":"2025-06-26T11:56:58","slug":"postcard","status":"publish","type":"product","link":"https:\/\/www.fromcroatiawithlove.net\/hr\/shop\/extras\/postcard\/","title":{"rendered":"Razglednica &#8211; From Croatia With Love"},"content":{"rendered":"","protected":false},"excerpt":{"rendered":"<p>Po\u0161aljite malo ljubavi u svijet s &#8221;From Croatia With Love&#8221; magnetskim razglednicama.<\/p>\n<p>Dodatak: krpica za \u010di\u0161\u0107enje nao\u010dala<\/p>\n","protected":false},"featured_media":2790,"template":"","meta":[],"product_brand":[],"product_cat":[52],"product_tag":[73],"class_list":{"0":"post-557","1":"product","2":"type-product","3":"status-publish","4":"has-post-thumbnail","6":"product_cat-extras","7":"product_tag-croatian-souvenirs","9":"first","10":"instock","11":"shipping-taxable","12":"purchasable","13":"product-type-simple"},"_links":{"self":[{"href":"https:\/\/www.fromcroatiawithlove.net\/hr\/wp-json\/wp\/v2\/product\/557","targetHints":{"allow":["GET"]}}],"collection":[{"href":"https:\/\/www.fromcroatiawithlove.net\/hr\/wp-json\/wp\/v2\/product"}],"about":[{"href":"https:\/\/www.fromcroatiawithlove.net\/hr\/wp-json\/wp\/v2\/types\/product"}],"wp:featuredmedia":[{"embeddable":true,"href":"https:\/\/www.fromcroatiawithlove.net\/hr\/wp-json\/wp\/v2\/media\/2790"}],"wp:attachment":[{"href":"https:\/\/www.fromcroatiawithlove.net\/hr\/wp-json\/wp\/v2\/media?parent=557"}],"wp:term":[{"taxonomy":"product_brand","embeddable":true,"href":"https:\/\/www.fromcroatiawithlove.net\/hr\/wp-json\/wp\/v2\/product_brand?post=557"},{"taxonomy":"product_cat","embeddable":true,"href":"https:\/\/www.fromcroatiawithlove.net\/hr\/wp-json\/wp\/v2\/product_cat?post=557"},{"taxonomy":"product_tag","embeddable":true,"href":"https:\/\/www.fromcroatiawithlove.net\/hr\/wp-json\/wp\/v2\/product_tag?post=557"}],"curies":[{"name":"wp","href":"https:\/\/api.w.org\/{rel}","templated":true}]}}