{"id":8234,"date":"2026-05-04T12:52:21","date_gmt":"2026-05-04T12:52:21","guid":{"rendered":"https:\/\/www.fromcroatiawithlove.net\/?post_type=product&#038;p=8234"},"modified":"2026-05-04T12:58:29","modified_gmt":"2026-05-04T12:58:29","slug":"ruksak-torba-croatia","status":"publish","type":"product","link":"https:\/\/www.fromcroatiawithlove.net\/hr\/shop\/accessories\/ruksak-torba-croatia\/","title":{"rendered":"Ruksak torba &#8211; Croatia"},"content":{"rendered":"<p>Ruksak torba urbani outfit<\/p>\n<p>Idealna za urbani i sportski outfit, ova ruksak-torba izra\u0111ena je od izdr\u017eljivog i kvalitetnog materijala. Zahvaljuju\u0107i podesivim naramenicama mo\u017ee se nositi kao ruksak, dok dodatne ru\u010dke omogu\u0107uju i prakti\u010dno no\u0161enje u ruci \u2013 savr\u0161ena za svakodnevne potrebe.<br \/>\nCrna podloga daje joj moderan i svestran izgled, dok stra\u017enja strana s mekanom, pli\u0161anom teksturom pru\u017ea dodatnu udobnost pri no\u0161enju.<br \/>\nDizajn je upotpunjen prepoznatljivim motivom kockica i srca, koji nosi sna\u017enu domoljubnu poruku \u2013 simbol ljubavi prema Hrvatskoj.<\/p>\n","protected":false},"excerpt":{"rendered":"<p>Ruksak torba urbani outfit savr\u0161ena za svakodnevne potrebe. Motiv kockica i srca, nosi sna\u017enu domoljubnu poruku \u2013 simbol ljubavi prema Hrvatskoj.<\/p>\n","protected":false},"featured_media":8229,"template":"","meta":[],"product_brand":[],"product_cat":[48,49,52],"product_tag":[],"class_list":{"0":"post-8234","1":"product","2":"type-product","3":"status-publish","4":"has-post-thumbnail","6":"product_cat-accessories","7":"product_cat-clothes","8":"product_cat-extras","10":"first","11":"instock","12":"shipping-taxable","13":"purchasable","14":"product-type-simple"},"_links":{"self":[{"href":"https:\/\/www.fromcroatiawithlove.net\/hr\/wp-json\/wp\/v2\/product\/8234","targetHints":{"allow":["GET"]}}],"collection":[{"href":"https:\/\/www.fromcroatiawithlove.net\/hr\/wp-json\/wp\/v2\/product"}],"about":[{"href":"https:\/\/www.fromcroatiawithlove.net\/hr\/wp-json\/wp\/v2\/types\/product"}],"wp:featuredmedia":[{"embeddable":true,"href":"https:\/\/www.fromcroatiawithlove.net\/hr\/wp-json\/wp\/v2\/media\/8229"}],"wp:attachment":[{"href":"https:\/\/www.fromcroatiawithlove.net\/hr\/wp-json\/wp\/v2\/media?parent=8234"}],"wp:term":[{"taxonomy":"product_brand","embeddable":true,"href":"https:\/\/www.fromcroatiawithlove.net\/hr\/wp-json\/wp\/v2\/product_brand?post=8234"},{"taxonomy":"product_cat","embeddable":true,"href":"https:\/\/www.fromcroatiawithlove.net\/hr\/wp-json\/wp\/v2\/product_cat?post=8234"},{"taxonomy":"product_tag","embeddable":true,"href":"https:\/\/www.fromcroatiawithlove.net\/hr\/wp-json\/wp\/v2\/product_tag?post=8234"}],"curies":[{"name":"wp","href":"https:\/\/api.w.org\/{rel}","templated":true}]}}